{"id":444,"date":"2021-01-16T16:21:57","date_gmt":"2021-01-16T15:21:57","guid":{"rendered":"http:\/\/www.lacan.at\/?page_id=444"},"modified":"2025-06-14T15:35:20","modified_gmt":"2025-06-14T14:35:20","slug":"publikationendr-klaus-doblhammer","status":"publish","type":"page","link":"https:\/\/www.lacan.at\/?page_id=444","title":{"rendered":"Klaus\u00a0Doblhammer"},"content":{"rendered":"\n<h2 class=\"wp-block-heading\" id=\"psychoanalytische-praxis\">Psychoanalytische Praxis<\/h2>\n\n\n\n<p>\u2192 <a rel=\"noreferrer noopener\" href=\"http:\/\/www.doblhammer.at\/\" target=\"_blank\">Homepage<\/a><\/p>\n\n\n\n<h2 class=\"wp-block-heading\" id=\"publikationenpsychoanalytische-arbeiten\">Publikationen<br><br>Psychoanalytische Arbeiten<\/h2>\n\n\n\n<p>Doblhammer, K. (2024) <strong>Die Psychoanalyse &#8211; eine Wissenschaft vom Nichtwissen<\/strong>. In: texte. psychoanalyse. \u00e4sthetik. kulturkritik. Heft 3\/24, 13-19<\/p>\n\n\n\n<p>Doblhammer, K. (2023) <strong>Sucht und Objekt<\/strong>. In: texte. psychoanalyse. \u00e4sthetik. kulturkritik. Heft 4\/22, 61-71<\/p>\n\n\n\n<p><\/p>\n\n\n\n<p>Doblhammer, K. (2023) <strong>Warum tr\u00e4umt Lacan kaum?<\/strong><em> Der Traum bei Lacan und R\u00fcckschl\u00fcsse auf die sogenannte Realit\u00e4t.<\/em> In: Bl\u00fcml, Schl\u00fcter (Hg.) Der Nabel des Traums. tr\u00e4umen &#8211; denken &#8211; phantasieren. Brandes &amp; Apsel 2023, 203-212<br><\/p>\n\n\n\n<p>Doblhammer, K. (2022) <strong>Was zum Teufel bringt M\u00e4nnlichkeit und Destruktivit\u00e4t immer wieder zusammen?<\/strong> In: texte. psychoanalyse. \u00e4sthetik. kulturkritik. Heft 4\/21, 30-49<br><br>Doblhammer, K. (2019) <strong>Was macht eine Seele, was macht eine Seele aus?<\/strong> <em>Psychoanalytische \u00dcberlegungen zur Struktur von Genealogie.<\/em><br>In: Kadi, Schl\u00fcter, Skale (Hg.) Mutter, Vater und andere Genealogien.<br>Wiener Psychoanalytische Akademie 2019, 106-120<br><br>Doblhammer, K. (2018) <strong>Der gro\u00dfe und der kleine Tod.<\/strong><br><em>Psychoanalytische \u00dcberlegungen zur Struktur der Neuen Gewalt.<\/em><br>In: texte. psychoanalyse. \u00e4sthetik. kulturkritik. Heft 4\/18, 33-57<br><br>Doblhammer, K. (2014) <strong>Die Position des Vaters in der psychoanalytischen Kur.<\/strong><br>In: texte. psychoanalyse. \u00e4sthetik. kulturkritik. Heft 1\/14, 108-134<br><br>Doblhammer, K. (2005) <strong>Skizzen zur Frage des Raums in der Fallgeschichte \u201eDer kleine Hans\u201c.<\/strong><br>Zeitschrift f\u00fcr psychoanalytische Theorie und Praxis. 20, 4, 434 \u2013 437<br><\/p>\n\n\n\n<h2 class=\"wp-block-heading\" id=\"akademische-arbeiten\">Akademische Arbeiten<\/h2>\n\n\n\n<p>Doblhammer, K. (1998) <strong>Das Sprechen der Sprache. <\/strong><em>Fr\u00fchkindlicher Spracherwerb im Lichte der Psychoanalyse Jacques Lacans<\/em>. Dissertation, Universit\u00e4t Wien.<strong> <\/strong>Online: <a href=\"http:\/\/othes.univie.ac.at\/845\/\">http:\/\/othes.univie.ac.at\/845\/<\/a><br><br>Doblhammer, K. (1990) <strong>Jugendgesetzgebung im Spannungsfeld zwischen Rechtsstaatlichkeit und Erziehung.<\/strong> Diplomarbeit, Universit\u00e4t Wien<\/p>\n\n\n\n<p><\/p>\n\n\n\n<h2 class=\"wp-block-heading\" id=\"ausstellungen\">Ausstellungen<\/h2>\n\n\n\n<p><\/p>\n\n\n\n<p><strong>Der kleine Herbert<\/strong><br><em>Fotoausstellung zum Originalschauplatz von Freuds Krankengeschichte \u201eDer kleine Hans\u201c. <\/em>Gegen\u00fcberstellung der Skizzen Lacans aus dem Seminar V. <br>Gezeigt im Rahmen der Sigmund-Freud-Vorlesungen 2006: <em>Die gro\u00dfen Krankengeschichten &#8211; \u201eDer kleine Hans\u201c.<\/em> Wien, 22. 04. 2006<br><\/p>\n\n\n\n<h2 class=\"wp-block-heading\" id=\"vortrage\">Vortr\u00e4ge<\/h2>\n\n\n\n<p><\/p>\n\n\n\n<p><strong>The Unconscious and Non-knowledge<\/strong><br>Panelbeitrag am 7. September 2024 im DH5 Linz<br>im Rahmen des Symposiums <em>Chruch of Ignorance<\/em><br>ars electronica 2024<\/p>\n\n\n\n<p><\/p>\n\n\n\n<p><strong>Was zum Teufel bringt M\u00e4nnlichkeit und Destruktivit\u00e4t immer wieder zusammen?<\/strong><br>gehalten am 14. Oktober 2023 im Wiener Arbeitskreis f\u00fcr Psychoanalyse<br>im Rahmen des <em>Allgemeinen Seminars<\/em>.<\/p>\n\n\n\n<p><\/p>\n\n\n\n<p><strong><strong>Warum tr\u00e4umt Lacan kaum?<\/strong><em> <\/em><\/strong><br>Der Traum bei Lacan und R\u00fcckschl\u00fcsse auf die sogenannte Realit\u00e4t<br>gehalten am 12. November 2022<br>in der Wiener Psychoanalytischen Akademie<br>im Rahmen der Sigmund-Freud-Vorlesungen 2022<br><em>Der Nabel des Traums<br><\/em><\/p>\n\n\n\n<p><strong>Was zum Teufel bringt M\u00e4nnlichkeit und Destruktivit\u00e4t immer wieder zusammen?<\/strong><br>gehalten in Innsbruck am 13. November 2021 in Innsbruck<br>im Rahmen des Symposiums <em>Destruktive M\u00e4nnlichkeit. Krise des Einzelnen \u2013 Krise der Gesellschaft?<\/em> Die Psychoanalyse und ihre Kulturtheorie auf dem Pr\u00fcfstand<br><\/p>\n\n\n\n<p><strong>Herr B.<\/strong><br>Zur Klinik m\u00e4nnlicher Destruktivit\u00e4t. Eine Fallpr\u00e4sentation aus der forensischen Praxis <br>gehalten am 13. November 2021 in Innsbruck<br>im Rahmen des Symposiums <em>Destruktive M\u00e4nnlichkeit. Krise des Einzelnen \u2013 Krise der Gesellschaft?<\/em> Die Psychoanalyse und ihre Kulturtheorie auf dem Pr\u00fcfstand.<br><\/p>\n\n\n\n<p><strong>Was macht eine Seele, was macht eine Seele aus?<\/strong><br>Psychoanalytische \u00dcberlegungen zur Struktur von Genealogie<br>gehalten am 16. November 2018<br>in der Wiener Psychoanalytischen Akademie<br>im Rahmen der Sigmund-Freud-Vorlesungen 2018<br><em>Mutter, Vater und andere Genealogien<\/em><br><br><strong>Der gro\u00dfe und der kleine Tod.<\/strong><br>Psychoanalytische \u00dcberlegungen zur Struktur der Neuen Gewalt.<br>Vortrag und Seminar<br>gehalten am 4.\/5. Mai 2018<br>im Grazer Arbeitskreis f\u00fcr Psychoanalyse<br><\/p>\n\n\n\n<p><strong>Die Position des Vaters in der psychoanalytischen Kur<\/strong><br>Vortrag und Seminar<br>gehalten am 10.\/11. Juni 2016<br>im Grazer Arbeitskreis f\u00fcr Psychoanalyse<br><\/p>\n\n\n\n<p><strong>CashBack &#8211; Die Position des Vaters in der psychoanalytischen Kur, bei Conchita Wurst und IS<\/strong><br>gehalten im Rahmen einer Jour Fixe Veranstaltung<br>im Wiener Arbeitskreis f\u00fcr Psychoanalyse am 06. Mai 2015<br><br><strong>Die Position des Vaters in der psychoanalytischen Kur<\/strong><br>gehalten am 22. Oktober 2013 im Wiener Arbeitskreis f\u00fcr Psychoanalyse<\/p>\n\n\n\n<h2 class=\"wp-block-heading\" id=\"akademische-lehre\"><br><br>Akademische Lehre<\/h2>\n\n\n\n<p><strong>Einf\u00fchrung in die Psychoanalyse f\u00fcr Techniker<\/strong><br>Periodischer Vorlesungsbeitrag in den Studienjahren 2010-2015<br>im Rahmen der Lehrveranstaltung \u201eVernetzte Systeme\u201c (Prof. Dietrich)<br>Institut f\u00fcr Computertechnik, Technische Universit\u00e4t Wien<br><br><strong>Einf\u00fchrung in die Wissenschaftstheorie f\u00fcr Techniker<\/strong><br>Periodischer Vorlesungsbeitrag in den Studienjahren 2010-2015<br>im Rahmen der Lehrveranstaltung \u201eVernetzte Systeme\u201c (Prof. Dietrich)<br>Institut f\u00fcr Computertechnik, Technische Universit\u00e4t Wien<\/p>\n\n\n\n<h2 class=\"wp-block-heading\" id=\"mitarbeit-an-technischen-publikationen\"><br><br><strong>Mitarbeit an technischen Publikationen<\/strong><\/h2>\n\n\n\n<p>Dietrich D.<strong>, Simulating the Mind II<\/strong>, Psychoanalyse, Neurologie, K\u00fcnstliche Intelligenz: ein Modell. Shaker Verlag, D\u00fcren 2021<br>&#8212;<br>Dietrich D., Doblhammer K., Widholm R., Dietrich Do., Schaat S. <strong>Validierung der Psychoanalyse durch Simulation? <\/strong>Naturwissenschaftliches<br>Modell der Psyche auf Basis der Psychoanalyse. In: Walz-Pawlita S., Unruh B., Janta B. (Hg.). K\u00f6rper-Sprachen. Psychosozial-Verlag 2016. p.<br>289-307<br>&#8212;<br>Dietrich D., Schaat S., SAuter, T., Doblhammer K., Jakubec M., Widholm, R. <strong>Funktionale Abbildung der menschlichen Psyche f\u00fcr die<br>Automatisierungs- und Regelungstechnik.<\/strong> e &amp; i Elektrotechnik und Informationstechnik, 133(1), 48-51. Wien: Springer Verlag 2016<br>&#8212;<br>Dietrich D., Jakubec M., Schaat S., Doblhammer K., Godor G., Brandst\u00e4tter, Ch . <strong>The Fourth Outrage of Man. Is the Turing-test Still Up to Date? <\/strong>accepted at ICOA 2015, Dec. 10-11, 2015, Amsterdam. Will be Published in: Journal of Computers (JCP,<br>ISSN: 1796-203X)<br>&#8212;<br>M. Jakubec, K. Doblhammer, M. Fittner, A. Wendt. <strong>Logical Thought Based on Word Presentations.<\/strong> EuroAsianPacific Joint Conference on<br>Cognitive Science, Turin, Sept. 2015.<br>&#8212;<br>S. Schaat, S. Kollmann, O. Zhukova, D. Dietrich, K. Doblhammer: <strong>Examination of Foundational AGI-Agents in Artificial-Life Simulations.<\/strong> The<br>2015 Conference on Technologies and Applications of Artificial Intelligence (TAAI 2015), Tainan, Nov. 2015.<br>&#8212;<br>D. Dietrich, D. Bruckner, K. Doblhammer, S. Schaat<br><strong>Psychoanalyse und Computertechnologien. Interdisziplin\u00e4rer Ansatz beim Modellieren der Gehirnfunktionen.<\/strong><br>Zeitschrift des Lehrstuhls f\u00fcr Psychiatrie und Psychotherapie der Lviver Medizinischer Universit\u00e4t \u201eForum der Psychiatrie und<br>Psychotherapie\u201c. Heft 9, gedruckt am 02.04.2015 von der \u201eProstir M\u201c GmbH. Wissenschaftlicher Chefredaktor Prof. Alexander Filz<br>&#8212;<br>C . Brands t\u00e4tter, D . Dietric h, K. Doblhammer, M . Fittner, G . Fodor, F. Gelbard, M . Huber, M . Jakubec ,<br>S. Kollmann, D . Kowarik, S. Schaat, A . Wendt, R. Widholm:<br><strong>Naturwissenschaftliches , psychoanalytisches Modell der Psyche f\u00fcr Simulation und Emulation;<\/strong><br>2014 ; 185 S. Technical Report II, Institut f\u00fcr Computertechnik (E384), Technische Universit\u00e4t Wien 2014<br>&#8212;<br>S. Schaat, M . Huber, K. Doblhammer, D . Dietrich:<br><strong>An Interdisciplinary Approach for a Holistic and Embodied Emotion Model in Humanoid Agents<\/strong>;<br>International Workshop on Artificial Intelligence and Cognition, Turin, Italien; 24 .11 .2014 &#8211; 27 .11 .2014 ; in: &#8222;Proceedings of the<br>International Workshop on Artificial Intelligence and Cognition&#8220;, (2014), 11 S.<br>&#8212;<br>Samer Schaat, Klaus Doblhammer and Dietmar Dietrich:<br><strong>A Multi-level Model of Motivations and Valuations for Cognitive Agents<\/strong><br>Conference Article (ICAART 2014)<br>&#8212;<br>Dietmar Bruckner, Dietmar Dietrich, Heimo Zeilinger, Daniela Kowarik, Peter Palensky, Klaus Doblhammer, Tobias Deutsch<br>und Georg Fodor.<br><strong>ARS: Eine technische Anwendung von psychoanalytischen Grundprinzipien f\u00fcr die Robotik und Automatisierungstechnik<\/strong><br>in: PSYCHOANALYSE IM WIDERSPRUCH NR. 50: \u00c4STHETIK \u2013 ROBOTIK. Nr. 50, 2013, Heft 2, p. 57-116<br>&#8212;<br>Dietmar Dietrich, Samer Schaat, Dietmar Bruckner, Klaus Doblhammer and Georg Fodor<br><strong>The Current State of Psychoanalytically-Inspired AI<br>A Holistic and Unitary Model of Human Psychic Processes<\/strong><br>Conference Article (IECON 2013)<br>&#8212;<br>Samer Schaat, Klaus Doblhammer, Alexander Wendt, Friedrich Gelbard, Lukas Herret<br><strong>A Psychoanalytically Inspired Motivational and Emotional System for Autonomous Agents<\/strong><br>Conference Article (IECON 2013)<\/p>\n\n\n\n<p>&#8212;<br>F. Gelbard, D. Bruckner, K. Doblhammer, and Z. Kovacs:<br><strong>Transformation of Perceptions as Filter Mechanisms in Artificial Intelligence<\/strong><br>Conference Article (AFRICON 2011)<br>&#8212;<br>F. Gelbard, C. Brandst\u00e4tter, K. Doblhammer, I. Hinterleitner, S. Kohlhauser, Z. Kovacs and H. Zeilinger:<br><strong>Comparison of Technical Filter Mechanisms and Defense Mechanisms of the Human Mind (Why do We Need Psychoanalysis in Artificial Intelligence?)<\/strong><br>Conference Article (AFRICON 2011)<br>&#8212;<br>Muchitsch, Wendt, Doblhammer, Bruckner, Machajdik:<br><strong>Perceptual Prediction for Bionically Inspired Autonomous Agents<\/strong><br>Conference Article (AFRICON 2011)<br>&#8212;<br>Perner, Roesner, Doblhammer, Bruckner:<br><strong>Action Planning for Autonmous Agents Based on Neuropsychoanalytical Concepts.<\/strong><br>Conference Article (ISIE 2011)<br>&#8212;<br>Hinterleitner, Doblhammer, Bruckner:<br><strong>How to model the Acquirement of Meaning of Terms in Language as Functions <\/strong>Presentation, published at the 42nd Annual International<br>Society for Psychotherapy Research meeting, 2011<\/p>\n","protected":false},"excerpt":{"rendered":"<p>Psychoanalytische Praxis \u2192 Homepage Publikationen Psychoanalytische Arbeiten Doblhammer, K. (2024) Die Psychoanalyse &#8211; eine Wissenschaft vom Nichtwissen. In: texte. psychoanalyse. \u00e4sthetik. kulturkritik. Heft 3\/24, 13-19 Doblhammer, K. (2023) Sucht und Objekt. In: texte. psychoanalyse. \u00e4sthetik. kulturkritik. Heft 4\/22, 61-71 Doblhammer, K. (2023) Warum tr\u00e4umt Lacan kaum? Der Traum bei Lacan und R\u00fcckschl\u00fcsse auf die sogenannte [&hellip;]<\/p>\n","protected":false},"author":2,"featured_media":0,"parent":0,"menu_order":0,"comment_status":"closed","ping_status":"closed","template":"","meta":{"footnotes":""},"class_list":["post-444","page","type-page","status-publish","hentry"],"_links":{"self":[{"href":"https:\/\/www.lacan.at\/index.php?rest_route=\/wp\/v2\/pages\/444","targetHints":{"allow":["GET"]}}],"collection":[{"href":"https:\/\/www.lacan.at\/index.php?rest_route=\/wp\/v2\/pages"}],"about":[{"href":"https:\/\/www.lacan.at\/index.php?rest_route=\/wp\/v2\/types\/page"}],"author":[{"embeddable":true,"href":"https:\/\/www.lacan.at\/index.php?rest_route=\/wp\/v2\/users\/2"}],"replies":[{"embeddable":true,"href":"https:\/\/www.lacan.at\/index.php?rest_route=%2Fwp%2Fv2%2Fcomments&post=444"}],"version-history":[{"count":45,"href":"https:\/\/www.lacan.at\/index.php?rest_route=\/wp\/v2\/pages\/444\/revisions"}],"predecessor-version":[{"id":9727,"href":"https:\/\/www.lacan.at\/index.php?rest_route=\/wp\/v2\/pages\/444\/revisions\/9727"}],"wp:attachment":[{"href":"https:\/\/www.lacan.at\/index.php?rest_route=%2Fwp%2Fv2%2Fmedia&parent=444"}],"curies":[{"name":"wp","href":"https:\/\/api.w.org\/{rel}","templated":true}]}}