{"id":87,"date":"2019-02-17T18:25:19","date_gmt":"2019-02-17T17:25:19","guid":{"rendered":"http:\/\/www.lacan.at\/?page_id=87"},"modified":"2021-04-08T10:56:44","modified_gmt":"2021-04-08T09:56:44","slug":"ordnung","status":"publish","type":"page","link":"https:\/\/www.lacan.at\/?page_id=87","title":{"rendered":"Vereinsordnung"},"content":{"rendered":"\n<h3 class=\"wp-block-heading\"><strong>A. Aus den Statuten<\/strong><\/h3>\n\n\n\n<h4 class=\"wp-block-heading\">\u00a7 1. Name, Sitz und T\u00e4tigkeitsbereich<\/h4>\n\n\n\n<p>Der Verein f\u00fchrt den Namen &#8222;Neue Wiener Gruppe\/Lacan-Schule&#8220;.<br>Er hat seinen Sitz in Wien und erstreckt seine T\u00e4tigkeit auf ganz \u00d6sterreich.<\/p>\n\n\n\n<h4 class=\"wp-block-heading\">\u00a7 2. Ziel und Zweck des Vereins<\/h4>\n\n\n\n<p>Der Verein, dessen T\u00e4tigkeit nicht auf Gewinn gerichtet ist, bezweckt, Werk und Gedankengut des franz\u00f6sischen Psychoanalytikers Jacques Lacan in allen ihren Anwendungsbereichen sowie philosophischen Implikationen in \u00d6sterreich zu verbreiten.<\/p>\n\n\n\n<h4 class=\"wp-block-heading\">\u00a7 3. Ideelle Mittel zur Erreichung des Vereinszweckes<\/h4>\n\n\n\n<p>\u2013 Organisation und Durchf\u00fchrung von Seminaren, Symposien, Vortragsreihen<br>\u2013 Veranstaltungen zur Fort- und Weiterbildung in klinischer, theoretischer und angewandter Psychoanalyse sowie theoretischer, \u00e4sthetischer und praktischer Philosophie<br>\u2013 Herausgabe und F\u00f6rderung von Publikationen<br><\/p>\n\n\n\n<h4 class=\"wp-block-heading\">\u00a7 4. Materielle Mittel zur Erreichung des Vereinszweckes<\/h4>\n\n\n\n<p>Die erforderlichen materiellen Mittel sollen aufgebracht werden durch:<br>\u2013 Ertr\u00e4ge aus vereinseigenen Veranstaltungen und Projekten<br>\u2013 Subventionen sowie \u00f6ffentliche und private F\u00f6rderungen (Sponsoring)<br>\u2013 Mitgliedsbeitr\u00e4ge<br>\u2013 Spenden und sonstige Zuwendungen<\/p>\n\n\n\n<h4 class=\"wp-block-heading\">\u00a7 5. Arten der Mitgliedschaft<\/h4>\n\n\n\n<p>Die Mitglieder des Vereins gliedern sich in ordentliche, f\u00f6rdernde und korrespondierende Mitglieder sowie Ehrenmitglieder.<\/p>\n\n\n\n<h4 class=\"wp-block-heading\">\u00a7 6. Erwerb der Mitgliedschaft<\/h4>\n\n\n\n<p>Die Aufnahme von Mitgliedern (aller Arten) erfolgt durch Vorstandsbeschluss mit einfacher Mehrheit.<\/p>\n\n\n\n<h3 class=\"wp-block-heading\"><strong>B. Vorstand<\/strong><\/h3>\n\n\n\n<p>Auf der Mitgliederversammlung wurden gew\u00e4hlt:<br>Obmann: August Ruhs<br>Obmann-Stellvertreter: Walter Seitter<br>Kassier: Mario Zivkovic<br>Kassier-Stellvertreterin: Sophia Gabriel-Panteliadou<br>Schriftf\u00fchrer: Klaus Doblhammer<br>Schriftf\u00fchrer-Stellvertreter: Karl Stockreiter<\/p>\n\n\n\n<p>Der Vorstand wurde einstimmig gew\u00e4hlt und f\u00fcr eine Funktionsperiode von zwei Jahren bestellt.<br><\/p>\n\n\n\n<h3 class=\"wp-block-heading\"><strong>C. Mitgliedsbeitr\u00e4ge<\/strong><\/h3>\n\n\n\n<p>Auf der Mitgliederversammlung vom 9. April 2002 wurden folgende Mitgliedsbeitr\u00e4ge festgesetzt:<br>Jedes Mitglied hat bei seiner Aufnahme in den Verein den Eintrittsbeitrag von 35 Euro zu entrichten. Au\u00dferdem zahlt es jedes Jahr (Kalenderjahr) den Jahresbeitrag von&nbsp;20 Euro.<\/p>\n\n\n\n<p>Konto: Neue Wiener Gruppe\/Lacan-Schule <\/p>\n\n\n\n<p>IBAN: AT64 1813 0502 9848 0000,&nbsp;\u00d6sterreichische \u00c4rzte- und Apothekerbank&nbsp;(BIC: BWFBATW1)<br><\/p>\n","protected":false},"excerpt":{"rendered":"<p>A. Aus den Statuten \u00a7 1. Name, Sitz und T\u00e4tigkeitsbereich Der Verein f\u00fchrt den Namen &#8222;Neue Wiener Gruppe\/Lacan-Schule&#8220;.Er hat seinen Sitz in Wien und erstreckt seine T\u00e4tigkeit auf ganz \u00d6sterreich. \u00a7 2. Ziel und Zweck des Vereins Der Verein, dessen T\u00e4tigkeit nicht auf Gewinn gerichtet ist, bezweckt, Werk und Gedankengut des franz\u00f6sischen Psychoanalytikers Jacques Lacan [&hellip;]<\/p>\n","protected":false},"author":2,"featured_media":0,"parent":0,"menu_order":0,"comment_status":"closed","ping_status":"closed","template":"","meta":{"footnotes":""},"class_list":["post-87","page","type-page","status-publish","hentry"],"_links":{"self":[{"href":"https:\/\/www.lacan.at\/index.php?rest_route=\/wp\/v2\/pages\/87","targetHints":{"allow":["GET"]}}],"collection":[{"href":"https:\/\/www.lacan.at\/index.php?rest_route=\/wp\/v2\/pages"}],"about":[{"href":"https:\/\/www.lacan.at\/index.php?rest_route=\/wp\/v2\/types\/page"}],"author":[{"embeddable":true,"href":"https:\/\/www.lacan.at\/index.php?rest_route=\/wp\/v2\/users\/2"}],"replies":[{"embeddable":true,"href":"https:\/\/www.lacan.at\/index.php?rest_route=%2Fwp%2Fv2%2Fcomments&post=87"}],"version-history":[{"count":19,"href":"https:\/\/www.lacan.at\/index.php?rest_route=\/wp\/v2\/pages\/87\/revisions"}],"predecessor-version":[{"id":475,"href":"https:\/\/www.lacan.at\/index.php?rest_route=\/wp\/v2\/pages\/87\/revisions\/475"}],"wp:attachment":[{"href":"https:\/\/www.lacan.at\/index.php?rest_route=%2Fwp%2Fv2%2Fmedia&parent=87"}],"curies":[{"name":"wp","href":"https:\/\/api.w.org\/{rel}","templated":true}]}}