{"id":95,"date":"2019-02-17T18:30:15","date_gmt":"2019-02-17T17:30:15","guid":{"rendered":"http:\/\/www.lacan.at\/?page_id=95"},"modified":"2026-02-21T14:47:36","modified_gmt":"2026-02-21T13:47:36","slug":"mitglieder","status":"publish","type":"page","link":"https:\/\/www.lacan.at\/?page_id=95","title":{"rendered":"Mitglieder"},"content":{"rendered":"\n<p><a href=\"http:\/\/www.lacan.at\/?page_id=496\" class=\"docs-creator\">Nusin ARSLAN<\/a><br><a href=\"http:\/\/www.lacan.at\/?page_id=502\" class=\"docs-creator\">Gerhard BURDA<\/a><br><a href=\"http:\/\/www.lacan.at\/?page_id=444\" data-type=\"page\" data-id=\"444\" class=\"docs-creator\">Klaus DOBLHAMMER<\/a> <br>Klaus EBNER<br>Horst EBNER <br>Alois ECKER<br>Ursula F\u00dcRST-K\u00dcFFERLE<br>Sophia GABRIEL-PANTELIADOU<br><a href=\"https:\/\/www.psyalpha.net\/de\/biografien\/georg-groeller\/georg-groeller-bibliografie\" target=\"_blank\" rel=\"noreferrer noopener\" class=\"docs-creator\">Georg GR\u00d6LLER<\/a><br><a href=\"https:\/\/de.wikipedia.org\/wiki\/Rudolf_Heinz\" data-type=\"URL\" data-id=\"https:\/\/de.wikipedia.org\/wiki\/Rudolf_Heinz\" class=\"docs-creator\">Rudolf HEINZ<\/a><br>Heide HEINZ<br>Gottfried HINKER<br>Markus E. HODEC<br>Beate HOFSTADLER<br>Noah HOLTWIESCHE<br><a href=\"https:\/\/www.ivady.at\/\" target=\"_blank\" rel=\"noreferrer noopener\" class=\"docs-creator\">Sandor IVADY<\/a><br>Ulrike KADI<br><a href=\"https:\/\/praxis-kargin.at\/\" target=\"_blank\" rel=\"noreferrer noopener\" class=\"docs-creator\">Jasmin KARG<\/a>IN<br><a href=\"https:\/\/www.psychotherapie-kammerer.net\/\" target=\"_blank\" rel=\"noreferrer noopener\" class=\"docs-creator\">Daniela KAMMERER<\/a><br>Edith KERSTAN<br>Ernst KERSTAN<br>Suzy KIRSCH<br>Wolfgang KOCH<br><a href=\"https:\/\/signifikant-macht-subjekt.com\/\" data-type=\"link\" data-id=\"https:\/\/signifikant-macht-subjekt.com\/\">Christian KREUZBERGER<\/a><br>Thomas KUZARA<br>Peter MOESCHL<br><a href=\"http:\/\/www.dr-ute-mueller-spiess.at\" data-type=\"URL\" data-id=\"www.dr-ute-mueller-spiess.at\" target=\"_blank\" rel=\"noreferrer noopener\" class=\"docs-creator\">Ute M\u00dcLLER-SPIESS<\/a><br>Camilla NIELSSEN<br>Walter PAMMINGER<br><a href=\"https:\/\/www.robert-pfaller.com\" target=\"_blank\" rel=\"noreferrer noopener\" class=\"docs-creator\">Robert PFALLER<\/a><br>Kornelia PLANK<br>Liebgard PRAMHAS-RICHTER<br>Judith RANSMAYR<br><a href=\"https:\/\/fu-berlin.academia.edu\/RalfRother\" target=\"_blank\" rel=\"noreferrer noopener\" class=\"docs-creator\">Ralf ROTHER<\/a><br><a href=\"http:\/\/www.lacan.at\/?page_id=419\" class=\"docs-creator\">August RUHS<\/a><br><a href=\"http:\/\/www.walterseitter.at\/\" target=\"_blank\" rel=\"noreferrer noopener\" class=\"docs-creator\">Walter SEITTER<\/a><br>Magda SORGER-DOMENIGG<br>Karl STOCKREITER<br>Dagmer TRAVNER<br>Veronika WAITZ<br>Tobias WALTJEN<br>Aloisia W\u00d6RGETTER<br>Eva WOLFRAM-ERTL<br>Mario ZIVKOVIC<\/p>\n\n\n\n<p>korrespondierendes Mitglied:<br>Michael SCHMID<\/p>\n\n\n\n<p><em>Durch Anklicken der grau unterlegten Namen sind weitere Informationen abrufbar<\/em>.<\/p>\n\n\n\n<p><\/p>\n","protected":false},"excerpt":{"rendered":"<p>Nusin ARSLANGerhard BURDAKlaus DOBLHAMMER Klaus EBNERHorst EBNER Alois ECKERUrsula F\u00dcRST-K\u00dcFFERLESophia GABRIEL-PANTELIADOUGeorg GR\u00d6LLERRudolf HEINZHeide HEINZGottfried HINKERMarkus E. HODECBeate HOFSTADLERNoah HOLTWIESCHESandor IVADYUlrike KADIJasmin KARGINDaniela KAMMEREREdith KERSTANErnst KERSTANSuzy KIRSCHWolfgang KOCHChristian KREUZBERGERThomas KUZARAPeter MOESCHLUte M\u00dcLLER-SPIESSCamilla NIELSSENWalter PAMMINGERRobert PFALLERKornelia PLANKLiebgard PRAMHAS-RICHTERJudith RANSMAYRRalf ROTHERAugust RUHSWalter SEITTERMagda SORGER-DOMENIGGKarl STOCKREITERDagmer TRAVNERVeronika WAITZTobias WALTJENAloisia W\u00d6RGETTEREva WOLFRAM-ERTLMario ZIVKOVIC korrespondierendes Mitglied:Michael SCHMID Durch Anklicken der grau [&hellip;]<\/p>\n","protected":false},"author":2,"featured_media":0,"parent":0,"menu_order":0,"comment_status":"closed","ping_status":"closed","template":"","meta":{"footnotes":""},"class_list":["post-95","page","type-page","status-publish","hentry"],"_links":{"self":[{"href":"https:\/\/www.lacan.at\/index.php?rest_route=\/wp\/v2\/pages\/95","targetHints":{"allow":["GET"]}}],"collection":[{"href":"https:\/\/www.lacan.at\/index.php?rest_route=\/wp\/v2\/pages"}],"about":[{"href":"https:\/\/www.lacan.at\/index.php?rest_route=\/wp\/v2\/types\/page"}],"author":[{"embeddable":true,"href":"https:\/\/www.lacan.at\/index.php?rest_route=\/wp\/v2\/users\/2"}],"replies":[{"embeddable":true,"href":"https:\/\/www.lacan.at\/index.php?rest_route=%2Fwp%2Fv2%2Fcomments&post=95"}],"version-history":[{"count":44,"href":"https:\/\/www.lacan.at\/index.php?rest_route=\/wp\/v2\/pages\/95\/revisions"}],"predecessor-version":[{"id":9772,"href":"https:\/\/www.lacan.at\/index.php?rest_route=\/wp\/v2\/pages\/95\/revisions\/9772"}],"wp:attachment":[{"href":"https:\/\/www.lacan.at\/index.php?rest_route=%2Fwp%2Fv2%2Fmedia&parent=95"}],"curies":[{"name":"wp","href":"https:\/\/api.w.org\/{rel}","templated":true}]}}